{"id":164,"date":"2024-03-12T18:16:48","date_gmt":"2024-03-12T18:16:48","guid":{"rendered":"https:\/\/rengasmedia.fi\/?page_id=164"},"modified":"2024-03-13T12:39:21","modified_gmt":"2024-03-13T12:39:21","slug":"164-2","status":"publish","type":"page","link":"https:\/\/rengasmedia.fi\/?page_id=164","title":{"rendered":"Ajoita renkaiden vaihto oikein"},"content":{"rendered":"<p>[et_pb_section fb_built=&#8221;1&#8243; disabled_on=&#8221;off|off|off&#8221; admin_label=&#8221;Header Section&#8221; _builder_version=&#8221;4.24.2&#8243; use_background_color_gradient=&#8221;on&#8221; background_color_gradient_stops=&#8221;rgba(20,61,88,0.65) 0%|#143d58 100%&#8221; background_color_gradient_overlays_image=&#8221;on&#8221; background_color_gradient_start=&#8221;rgba(20,61,88,0.65)&#8221; background_color_gradient_end=&#8221;#143d58&#8243; background_image=&#8221;https:\/\/rengasmedia.fi\/wp-content\/uploads\/2024\/03\/Jarmo_Nuora_Rengasmedia_wide-1024&#215;589.jpg&#8221; custom_margin=&#8221;|||&#8221; custom_padding=&#8221;7vw|0px|16vw|0px|false|false&#8221; bottom_divider_style=&#8221;mountains2&#8243; bottom_divider_color=&#8221;rgba(5,41,66,0.3)&#8221; bottom_divider_height=&#8221;10%&#8221; animation_style=&#8221;slide&#8221; animation_direction=&#8221;top&#8221; animation_intensity_slide=&#8221;4%&#8221; animation_starting_opacity=&#8221;100%&#8221; global_colors_info=&#8221;{}&#8221;][et_pb_row disabled_on=&#8221;off|off|off&#8221; admin_label=&#8221;Header Row&#8221; module_class=&#8221; et_pb_row_fullwidth&#8221; _builder_version=&#8221;4.16&#8243; width=&#8221;89%&#8221; width_tablet=&#8221;80%&#8221; width_phone=&#8221;80%&#8221; width_last_edited=&#8221;on|desktop&#8221; max_width=&#8221;89%&#8221; max_width_tablet=&#8221;80%&#8221; max_width_phone=&#8221;80%&#8221; max_width_last_edited=&#8221;on|desktop&#8221; custom_padding=&#8221;|||&#8221; animation_style=&#8221;zoom&#8221; animation_intensity_zoom=&#8221;8%&#8221; make_fullwidth=&#8221;on&#8221; global_colors_info=&#8221;{}&#8221;][et_pb_column type=&#8221;4_4&#8243; _builder_version=&#8221;4.16&#8243; custom_padding=&#8221;|||&#8221; global_colors_info=&#8221;{}&#8221; custom_padding__hover=&#8221;|||&#8221;][et_pb_image src=&#8221;https:\/\/rengasmedia.fi\/wp-content\/uploads\/2024\/03\/RengasMedia_herologo-300&#215;198.png&#8221; title_text=&#8221;RengasMedia_herologo&#8221; align=&#8221;right&#8221; _builder_version=&#8221;4.24.2&#8243; _module_preset=&#8221;default&#8221; global_colors_info=&#8221;{}&#8221;][\/et_pb_image][\/et_pb_column][\/et_pb_row][\/et_pb_section][et_pb_section fb_built=&#8221;1&#8243; admin_label=&#8221;Services Section&#8221; _builder_version=&#8221;4.16&#8243; background_color=&#8221;#f2f6f9&#8243; custom_padding=&#8221;60px|0px|120px|0px||&#8221; global_colors_info=&#8221;{}&#8221;][et_pb_row _builder_version=&#8221;4.16&#8243; custom_padding=&#8221;|||&#8221; global_colors_info=&#8221;{}&#8221;][et_pb_column type=&#8221;4_4&#8243; _builder_version=&#8221;4.16&#8243; custom_padding=&#8221;|||&#8221; global_colors_info=&#8221;{}&#8221; custom_padding__hover=&#8221;|||&#8221;][et_pb_text _builder_version=&#8221;4.24.2&#8243; text_font=&#8221;Montserrat||||||||&#8221; text_font_size=&#8221;18px&#8221; text_line_height=&#8221;1.8em&#8221; header_font=&#8221;||||||||&#8221; header_2_font=&#8221;Montserrat||||||||&#8221; header_2_text_align=&#8221;center&#8221; header_2_font_size=&#8221;40px&#8221; header_2_line_height=&#8221;1.5em&#8221; text_orientation=&#8221;center&#8221; custom_margin=&#8221;|||&#8221; custom_padding=&#8221;|||&#8221; text_font_size_tablet=&#8221;16px&#8221; text_font_size_phone=&#8221;16px&#8221; text_font_size_last_edited=&#8221;on|desktop&#8221; global_colors_info=&#8221;{}&#8221;]<\/p>\n<h2>Ajoita renkaiden vaihto oikein<\/h2>\n<p>[\/et_pb_text][\/et_pb_column][\/et_pb_row][et_pb_row _builder_version=&#8221;4.24.2&#8243; _module_preset=&#8221;default&#8221; global_colors_info=&#8221;{}&#8221;][et_pb_column type=&#8221;4_4&#8243; _builder_version=&#8221;4.24.2&#8243; _module_preset=&#8221;default&#8221; global_colors_info=&#8221;{}&#8221;][et_pb_image src=&#8221;https:\/\/rengasmedia.fi\/wp-content\/uploads\/2024\/03\/Ajoita_vaihto_oikein.png&#8221; title_text=&#8221;Ajoita_vaihto_oikein&#8221; _builder_version=&#8221;4.24.2&#8243; _module_preset=&#8221;default&#8221; global_colors_info=&#8221;{}&#8221;][\/et_pb_image][\/et_pb_column][\/et_pb_row][et_pb_row column_structure=&#8221;1_2,1_2&#8243; _builder_version=&#8221;4.24.2&#8243; _module_preset=&#8221;default&#8221; global_colors_info=&#8221;{}&#8221;][et_pb_column type=&#8221;1_2&#8243; _builder_version=&#8221;4.24.2&#8243; _module_preset=&#8221;default&#8221; global_colors_info=&#8221;{}&#8221;][et_pb_text _builder_version=&#8221;4.24.2&#8243; _module_preset=&#8221;default&#8221; global_colors_info=&#8221;{}&#8221;]<\/p>\n<p>Kun aurinko paistaa ja tienpinnat n\u00e4ytt\u00e4v\u00e4t sulilta \u2013 mist\u00e4 tiet\u00e4\u00e4 milloin kes\u00e4renkaat tulisi vaihtaa alle?<\/p>\n<p>Suomi on suuri maa ja olosuhteet vaihtelevat sen vuoksi todella paljon. Lumipyry saattaa yll\u00e4tt\u00e4\u00e4 viel\u00e4 huhtikuun aikana ja siksi esimerkiksi pitk\u00e4lle ajomatkalle l\u00e4htiess\u00e4 kausivaihdon oikea-aikainen ajoitus on eritt\u00e4in t\u00e4rke\u00e4\u00e4. Ajokeli kotona saattaa olla kes\u00e4inen, mutta m\u00e4\u00e4r\u00e4np\u00e4\u00e4ss\u00e4 odottaakin t\u00e4ysi talvi.<\/p>\n<p>Suomem laki sanoo, ett\u00e4 talvirenkaita on k\u00e4ytett\u00e4v\u00e4 marraskuun alusta maaliskuun loppuun mik\u00e4li keli sit\u00e4 edellytt\u00e4\u00e4. Nastarenkaita saa k\u00e4ytt\u00e4\u00e4 marraskuun alusta maaliskuun loppuun ja muulloinkin, jos s\u00e4\u00e4 tai keli sit\u00e4 edellytt\u00e4\u00e4. Tieliikennelain perustelujen mukaan: \u201d<em>s\u00e4\u00e4ll\u00e4 tai kelill\u00e4, jolloin talvirenkaiden k\u00e4ytt\u00f6\u00e4 edellytett\u00e4isiin, tarkoitettaisiin tieolosuhteita, joissa alueen tieverkolla, my\u00f6s pienemm\u00e4t tiet huomioon ottaen, olisi tarve k\u00e4ytt\u00e4\u00e4 talvirenkaita olemassa olevan tai mahdollisen liukkauden vuoksi. Liikenteenvalvoja m\u00e4\u00e4rittelisi yksitt\u00e4istapauksessa, olisiko olosuhde sellainen, ett\u00e4 talvirengasta olisi k\u00e4ytett\u00e4v\u00e4.\u201d<\/em><\/p>\n<p>Huomion ei pid\u00e4 olla vain siin\u00e4 keliolosuhteess, joka vallitsee kotona tai m\u00e4\u00e4r\u00e4np\u00e4\u00e4ss\u00e4, sill\u00e4 talviolosuhteissa on aina ajettava turvallisesti.<\/p>\n<p>#kausivaihto\u00a0#kes\u00e4renkaat<\/p>\n<p>[\/et_pb_text][\/et_pb_column][et_pb_column type=&#8221;1_2&#8243; _builder_version=&#8221;4.24.2&#8243; _module_preset=&#8221;default&#8221; global_colors_info=&#8221;{}&#8221;][et_pb_image src=&#8221;https:\/\/rengasmedia.fi\/wp-content\/uploads\/2024\/03\/Frosti_mirror_spring_dream135704123.jpg&#8221; title_text=&#8221;Frosti_mirror_spring_dream135704123&#8243; _builder_version=&#8221;4.24.2&#8243; _module_preset=&#8221;default&#8221; global_colors_info=&#8221;{}&#8221;][\/et_pb_image][\/et_pb_column][\/et_pb_row][\/et_pb_section][et_pb_section fb_built=&#8221;1&#8243; admin_label=&#8221;Footer Section&#8221; _builder_version=&#8221;4.16&#8243; use_background_color_gradient=&#8221;on&#8221; background_color_gradient_stops=&#8221;rgba(20,61,88,0.65) 0%|#143d58 100%&#8221; background_color_gradient_overlays_image=&#8221;on&#8221; background_color_gradient_start=&#8221;rgba(20,61,88,0.65)&#8221; background_color_gradient_end=&#8221;#143d58&#8243; background_image=&#8221;https:\/\/rengasmedia.fi\/wp-content\/uploads\/2024\/03\/car_repair_shop-24-1.jpg&#8221; custom_margin=&#8221;|||&#8221; custom_padding=&#8221;3vw|0px|3vw|0px||&#8221; bottom_divider_style=&#8221;mountains2&#8243; bottom_divider_color=&#8221;rgba(5,41,66,0.3)&#8221; bottom_divider_height=&#8221;50%&#8221; animation_style=&#8221;slide&#8221; animation_direction=&#8221;bottom&#8221; animation_intensity_slide=&#8221;6%&#8221; animation_starting_opacity=&#8221;100%&#8221; saved_tabs=&#8221;all&#8221; global_colors_info=&#8221;{}&#8221;][et_pb_row admin_label=&#8221;Footer Row&#8221; _builder_version=&#8221;4.16&#8243; custom_padding=&#8221;|||&#8221; global_colors_info=&#8221;{}&#8221;][et_pb_column type=&#8221;4_4&#8243; _builder_version=&#8221;4.16&#8243; custom_padding=&#8221;|||&#8221; global_colors_info=&#8221;{}&#8221; custom_padding__hover=&#8221;|||&#8221;][et_pb_text admin_label=&#8221;Title&#8221; _builder_version=&#8221;4.24.2&#8243; text_font=&#8221;Montserrat||||||||&#8221; text_text_color=&#8221;#a4bccb&#8221; text_font_size=&#8221;20px&#8221; text_line_height=&#8221;1.5em&#8221; header_font=&#8221;||||||||&#8221; header_2_font=&#8221;Montserrat||||||||&#8221; header_2_text_align=&#8221;center&#8221; header_2_line_height=&#8221;1.5em&#8221; header_3_font=&#8221;Montserrat|500|||||||&#8221; header_3_text_align=&#8221;center&#8221; header_3_font_size=&#8221;55px&#8221; header_3_line_height=&#8221;1.5em&#8221; text_orientation=&#8221;center&#8221; background_layout=&#8221;dark&#8221; max_width=&#8221;700px&#8221; module_alignment=&#8221;center&#8221; custom_margin=&#8221;||0px|&#8221; header_3_font_size_tablet=&#8221;60px&#8221; header_3_font_size_phone=&#8221;52px&#8221; header_3_font_size_last_edited=&#8221;on|tablet&#8221; global_colors_info=&#8221;{}&#8221;]<\/p>\n<h2>Ota rohkeasti yhteytt\u00e4.<\/h2>\n<p>Kasotaan kuinka voin olla avuksesi.<\/p>\n<p>[\/et_pb_text][\/et_pb_column][\/et_pb_row][et_pb_row admin_label=&#8221;CTA Row&#8221; _builder_version=&#8221;4.16&#8243; custom_padding=&#8221;|||&#8221; global_colors_info=&#8221;{}&#8221;][et_pb_column type=&#8221;4_4&#8243; _builder_version=&#8221;4.16&#8243; custom_padding=&#8221;|||&#8221; global_colors_info=&#8221;{}&#8221; custom_padding__hover=&#8221;|||&#8221;][et_pb_blurb title=&#8221;Soita&#8221; image=&#8221;https:\/\/rengasmedia.fi\/wp-content\/uploads\/2024\/03\/Call_icon.png&#8221; admin_label=&#8221;CTA&#8221; _builder_version=&#8221;4.24.2&#8243; header_font=&#8221;Montserrat||||||||&#8221; header_text_color=&#8221;#a4bccb&#8221; header_font_size=&#8221;20px&#8221; header_line_height=&#8221;1.5em&#8221; body_font=&#8221;Montserrat|500|||||||&#8221; body_text_align=&#8221;center&#8221; body_font_size=&#8221;30px&#8221; text_orientation=&#8221;center&#8221; background_layout=&#8221;dark&#8221; animation=&#8221;off&#8221; global_colors_info=&#8221;{}&#8221;]<\/p>\n<p><a href=\"callto:\">+358 45 124 6009<\/a><\/p>\n<p>tai<\/p>\n<p>[\/et_pb_blurb][et_pb_button button_text=&#8221;Laita s\u00e4hk\u00f6postia&#8221; button_alignment=&#8221;center&#8221; admin_label=&#8221;CTA Button&#8221; _builder_version=&#8221;4.24.2&#8243; custom_button=&#8221;on&#8221; button_text_size=&#8221;14px&#8221; button_text_color=&#8221;#ffffff&#8221; button_bg_color=&#8221;#f6961b&#8221; button_border_width=&#8221;12px&#8221; button_border_color=&#8221;#f6961b&#8221; button_border_radius=&#8221;2px&#8221; button_letter_spacing=&#8221;0px&#8221; button_font=&#8221;Montserrat|700||on|||||&#8221; custom_margin=&#8221;30px|||&#8221; custom_padding=&#8221;|||&#8221; button_border_radius_hover=&#8221;4px&#8221; locked=&#8221;off&#8221; global_colors_info=&#8221;{}&#8221; button_text_size__hover_enabled=&#8221;off&#8221; button_one_text_size__hover_enabled=&#8221;off&#8221; button_two_text_size__hover_enabled=&#8221;off&#8221; button_text_color__hover_enabled=&#8221;off&#8221; button_one_text_color__hover_enabled=&#8221;off&#8221; button_two_text_color__hover_enabled=&#8221;off&#8221; button_border_width__hover_enabled=&#8221;off&#8221; button_one_border_width__hover_enabled=&#8221;off&#8221; button_two_border_width__hover_enabled=&#8221;off&#8221; button_border_color__hover_enabled=&#8221;off&#8221; button_one_border_color__hover_enabled=&#8221;off&#8221; button_two_border_color__hover_enabled=&#8221;off&#8221; button_border_radius__hover_enabled=&#8221;on&#8221; button_border_radius__hover=&#8221;4px&#8221; button_one_border_radius__hover_enabled=&#8221;off&#8221; button_two_border_radius__hover_enabled=&#8221;off&#8221; button_letter_spacing__hover_enabled=&#8221;off&#8221; button_one_letter_spacing__hover_enabled=&#8221;off&#8221; button_two_letter_spacing__hover_enabled=&#8221;off&#8221; button_bg_color__hover_enabled=&#8221;off&#8221; button_one_bg_color__hover_enabled=&#8221;off&#8221; button_two_bg_color__hover_enabled=&#8221;off&#8221;][\/et_pb_button][\/et_pb_column][\/et_pb_row][\/et_pb_section]<\/p>\n","protected":false},"excerpt":{"rendered":"<p>Ajoita renkaiden vaihto oikeinKun aurinko paistaa ja tienpinnat n\u00e4ytt\u00e4v\u00e4t sulilta \u2013 mist\u00e4 tiet\u00e4\u00e4 milloin kes\u00e4renkaat tulisi vaihtaa alle? Suomi on suuri maa ja olosuhteet vaihtelevat sen vuoksi todella paljon. Lumipyry saattaa yll\u00e4tt\u00e4\u00e4 viel\u00e4 huhtikuun aikana ja siksi esimerkiksi pitk\u00e4lle ajomatkalle l\u00e4htiess\u00e4 kausivaihdon oikea-aikainen ajoitus on eritt\u00e4in t\u00e4rke\u00e4\u00e4. Ajokeli kotona saattaa olla kes\u00e4inen, mutta m\u00e4\u00e4r\u00e4np\u00e4\u00e4ss\u00e4 odottaakin [&hellip;]<\/p>\n","protected":false},"author":1,"featured_media":0,"parent":0,"menu_order":0,"comment_status":"closed","ping_status":"closed","template":"","meta":{"_et_pb_use_builder":"on","_et_pb_old_content":"","_et_gb_content_width":"","footnotes":""},"_links":{"self":[{"href":"https:\/\/rengasmedia.fi\/index.php?rest_route=\/wp\/v2\/pages\/164"}],"collection":[{"href":"https:\/\/rengasmedia.fi\/index.php?rest_route=\/wp\/v2\/pages"}],"about":[{"href":"https:\/\/rengasmedia.fi\/index.php?rest_route=\/wp\/v2\/types\/page"}],"author":[{"embeddable":true,"href":"https:\/\/rengasmedia.fi\/index.php?rest_route=\/wp\/v2\/users\/1"}],"replies":[{"embeddable":true,"href":"https:\/\/rengasmedia.fi\/index.php?rest_route=%2Fwp%2Fv2%2Fcomments&post=164"}],"version-history":[{"count":5,"href":"https:\/\/rengasmedia.fi\/index.php?rest_route=\/wp\/v2\/pages\/164\/revisions"}],"predecessor-version":[{"id":177,"href":"https:\/\/rengasmedia.fi\/index.php?rest_route=\/wp\/v2\/pages\/164\/revisions\/177"}],"wp:attachment":[{"href":"https:\/\/rengasmedia.fi\/index.php?rest_route=%2Fwp%2Fv2%2Fmedia&parent=164"}],"curies":[{"name":"wp","href":"https:\/\/api.w.org\/{rel}","templated":true}]}}