{"id":145,"date":"2024-03-12T17:26:44","date_gmt":"2024-03-12T17:26:44","guid":{"rendered":"https:\/\/rengasmedia.fi\/?page_id=145"},"modified":"2024-03-12T17:26:44","modified_gmt":"2024-03-12T17:26:44","slug":"ajatko-vaarallisilla-renkailla","status":"publish","type":"page","link":"https:\/\/rengasmedia.fi\/?page_id=145","title":{"rendered":"Ajatko vaarallisilla renkailla"},"content":{"rendered":"<p>[et_pb_section fb_built=&#8221;1&#8243; disabled_on=&#8221;off|off|off&#8221; admin_label=&#8221;Header Section&#8221; _builder_version=&#8221;4.24.2&#8243; use_background_color_gradient=&#8221;on&#8221; background_color_gradient_stops=&#8221;rgba(20,61,88,0.65) 0%|#143d58 100%&#8221; background_color_gradient_overlays_image=&#8221;on&#8221; background_color_gradient_start=&#8221;rgba(20,61,88,0.65)&#8221; background_color_gradient_end=&#8221;#143d58&#8243; background_image=&#8221;https:\/\/rengasmedia.fi\/wp-content\/uploads\/2024\/03\/Jarmo_Nuora_Rengasmedia_wide-1024&#215;589.jpg&#8221; custom_margin=&#8221;|||&#8221; custom_padding=&#8221;7vw|0px|16vw|0px|false|false&#8221; bottom_divider_style=&#8221;mountains2&#8243; bottom_divider_color=&#8221;rgba(5,41,66,0.3)&#8221; bottom_divider_height=&#8221;10%&#8221; animation_style=&#8221;slide&#8221; animation_direction=&#8221;top&#8221; animation_intensity_slide=&#8221;4%&#8221; animation_starting_opacity=&#8221;100%&#8221; global_colors_info=&#8221;{}&#8221; theme_builder_area=&#8221;post_content&#8221;][et_pb_row disabled_on=&#8221;off|off|off&#8221; admin_label=&#8221;Header Row&#8221; module_class=&#8221; et_pb_row_fullwidth&#8221; _builder_version=&#8221;4.16&#8243; width=&#8221;89%&#8221; width_tablet=&#8221;80%&#8221; width_phone=&#8221;80%&#8221; width_last_edited=&#8221;on|desktop&#8221; max_width=&#8221;89%&#8221; max_width_tablet=&#8221;80%&#8221; max_width_phone=&#8221;80%&#8221; max_width_last_edited=&#8221;on|desktop&#8221; custom_padding=&#8221;|||&#8221; animation_style=&#8221;zoom&#8221; animation_intensity_zoom=&#8221;8%&#8221; make_fullwidth=&#8221;on&#8221; global_colors_info=&#8221;{}&#8221; theme_builder_area=&#8221;post_content&#8221;][et_pb_column type=&#8221;4_4&#8243; _builder_version=&#8221;4.16&#8243; custom_padding=&#8221;|||&#8221; global_colors_info=&#8221;{}&#8221; custom_padding__hover=&#8221;|||&#8221; theme_builder_area=&#8221;post_content&#8221;][et_pb_image src=&#8221;https:\/\/rengasmedia.fi\/wp-content\/uploads\/2024\/03\/RengasMedia_herologo-300&#215;198.png&#8221; title_text=&#8221;RengasMedia_herologo&#8221; align=&#8221;right&#8221; _builder_version=&#8221;4.24.2&#8243; _module_preset=&#8221;default&#8221; global_colors_info=&#8221;{}&#8221; theme_builder_area=&#8221;post_content&#8221;][\/et_pb_image][\/et_pb_column][\/et_pb_row][\/et_pb_section][et_pb_section fb_built=&#8221;1&#8243; admin_label=&#8221;Services Section&#8221; _builder_version=&#8221;4.16&#8243; background_color=&#8221;#f2f6f9&#8243; custom_padding=&#8221;60px|0px|120px|0px||&#8221; global_colors_info=&#8221;{}&#8221; theme_builder_area=&#8221;post_content&#8221;][et_pb_row _builder_version=&#8221;4.16&#8243; custom_padding=&#8221;|||&#8221; global_colors_info=&#8221;{}&#8221; theme_builder_area=&#8221;post_content&#8221;][et_pb_column type=&#8221;4_4&#8243; _builder_version=&#8221;4.16&#8243; custom_padding=&#8221;|||&#8221; global_colors_info=&#8221;{}&#8221; custom_padding__hover=&#8221;|||&#8221; theme_builder_area=&#8221;post_content&#8221;][et_pb_text _builder_version=&#8221;4.24.2&#8243; text_font=&#8221;Montserrat||||||||&#8221; text_font_size=&#8221;18px&#8221; text_line_height=&#8221;1.8em&#8221; header_font=&#8221;||||||||&#8221; header_2_font=&#8221;Montserrat||||||||&#8221; header_2_text_align=&#8221;center&#8221; header_2_font_size=&#8221;40px&#8221; header_2_line_height=&#8221;1.5em&#8221; text_orientation=&#8221;center&#8221; custom_margin=&#8221;|||&#8221; custom_padding=&#8221;|||&#8221; hover_enabled=&#8221;0&#8243; text_font_size_tablet=&#8221;16px&#8221; text_font_size_phone=&#8221;16px&#8221; text_font_size_last_edited=&#8221;on|desktop&#8221; global_colors_info=&#8221;{}&#8221; theme_builder_area=&#8221;post_content&#8221; sticky_enabled=&#8221;0&#8243;]<\/p>\n<h2>Ajatko vaarallisilla kes\u00e4renkailla?<\/h2>\n<p>[\/et_pb_text][\/et_pb_column][\/et_pb_row][et_pb_row _builder_version=&#8221;4.24.2&#8243; _module_preset=&#8221;default&#8221; theme_builder_area=&#8221;post_content&#8221;][et_pb_column _builder_version=&#8221;4.24.2&#8243; _module_preset=&#8221;default&#8221; type=&#8221;4_4&#8243; theme_builder_area=&#8221;post_content&#8221;][et_pb_video src=&#8221;https:\/\/youtu.be\/RxNjUD3WDU8?si=n0Nkc5OJQi8ZqknY&#8221; _builder_version=&#8221;4.24.2&#8243; _module_preset=&#8221;default&#8221; theme_builder_area=&#8221;post_content&#8221; hover_enabled=&#8221;0&#8243; sticky_enabled=&#8221;0&#8243;][\/et_pb_video][\/et_pb_column][\/et_pb_row][et_pb_row _builder_version=&#8221;4.24.2&#8243; _module_preset=&#8221;default&#8221; column_structure=&#8221;1_2,1_2&#8243; theme_builder_area=&#8221;post_content&#8221;][et_pb_column _builder_version=&#8221;4.24.2&#8243; _module_preset=&#8221;default&#8221; type=&#8221;1_2&#8243; theme_builder_area=&#8221;post_content&#8221;][et_pb_text _builder_version=&#8221;4.24.2&#8243; _module_preset=&#8221;default&#8221; theme_builder_area=&#8221;post_content&#8221; hover_enabled=&#8221;0&#8243; sticky_enabled=&#8221;0&#8243;]<\/p>\n<p>Vain joka nelj\u00e4s huonokuntoisilla kes\u00e4renkailla ajavista autoilijoista tiet\u00e4\u00e4 kulutuspinnan olevan riitt\u00e4m\u00e4t\u00f6n.* Suomen lain mukaan kes\u00e4renkaan kulutuspintaa tulee olla v\u00e4hint\u00e4\u00e4n 1,6 millimetri\u00e4, mutta jo 4 millinen kulutuspinta on sadekelill\u00e4 riskialtis.<\/p>\n<p>Noin 3 millinen kulutuspinta on hyv\u00e4 vaihtaa uusiin ajoturvallisuuden takaamiseksi. Katso oheiselta videolta miten suoritat kulutuspinnan tarkistuksen helposti ja luotettavasti.<\/p>\n<p>Renkaan kulumista tulisi silm\u00e4m\u00e4\u00e4r\u00e4isesti tarkkailla my\u00f6s muilta pinnoilta. Esimerkiksi renkaan sis\u00e4pinta saattaa kulua huomaamatta ja aiheuttaa renkaaseen jopa r\u00e4j\u00e4hdysvaaran. T\u00e4llainen kuluminen aiheutuu usein miten virheellisten py\u00f6r\u00e4n kulmien vuoksi tai ajettaessa autolla jatkuvasti raskailla kuormilla. My\u00f6s raskaan per\u00e4vaunun vet\u00e4minen saattaa vaikuttaa takarenkaiden kulumiseen sis\u00e4laidalta.<\/p>\n<p>Renkaan kulumiseen pystyy vaikuttamaan my\u00f6s omalla ajok\u00e4ytt\u00e4ytymisell\u00e4\u00e4n. Esimerkiksi\u00a0 vauhdikas kaarreajo kuluttaa renkaan reunoja nopeammin kuin normaalisti tai voimakkaat kiihdytykset ja jarrutukset. Etenkin nykyiset normaalia raskaammat s\u00e4hk\u00f6autot ovat herkki\u00e4 juuri tuon kaltaisella poikkeuksellisen nopealle kulumiselle.\u00a0<\/p>\n<p>#kuluminen #kulutuspinta<\/p>\n<p>*Autonrengasliiton kuluttajatutkimus 2022<\/p>\n<p>&nbsp;<\/p>\n<p>[\/et_pb_text][\/et_pb_column][et_pb_column _builder_version=&#8221;4.24.2&#8243; _module_preset=&#8221;default&#8221; type=&#8221;1_2&#8243; theme_builder_area=&#8221;post_content&#8221;][et_pb_image src=&#8221;https:\/\/rengasmedia.fi\/wp-content\/uploads\/2024\/03\/Tassutaulu_ARL.png&#8221; _builder_version=&#8221;4.24.2&#8243; _module_preset=&#8221;default&#8221; theme_builder_area=&#8221;post_content&#8221; title_text=&#8221;Tassutaulu_ARL&#8221; hover_enabled=&#8221;0&#8243; sticky_enabled=&#8221;0&#8243;][\/et_pb_image][\/et_pb_column][\/et_pb_row][\/et_pb_section][et_pb_section fb_built=&#8221;1&#8243; admin_label=&#8221;Footer Section&#8221; _builder_version=&#8221;4.16&#8243; use_background_color_gradient=&#8221;on&#8221; background_color_gradient_stops=&#8221;rgba(20,61,88,0.65) 0%|#143d58 100%&#8221; background_color_gradient_overlays_image=&#8221;on&#8221; background_color_gradient_start=&#8221;rgba(20,61,88,0.65)&#8221; background_color_gradient_end=&#8221;#143d58&#8243; background_image=&#8221;https:\/\/rengasmedia.fi\/wp-content\/uploads\/2024\/03\/car_repair_shop-24-1.jpg&#8221; custom_margin=&#8221;|||&#8221; custom_padding=&#8221;3vw|0px|3vw|0px||&#8221; bottom_divider_style=&#8221;mountains2&#8243; bottom_divider_color=&#8221;rgba(5,41,66,0.3)&#8221; bottom_divider_height=&#8221;50%&#8221; animation_style=&#8221;slide&#8221; animation_direction=&#8221;bottom&#8221; animation_intensity_slide=&#8221;6%&#8221; animation_starting_opacity=&#8221;100%&#8221; saved_tabs=&#8221;all&#8221; global_colors_info=&#8221;{}&#8221; theme_builder_area=&#8221;post_content&#8221;][et_pb_row admin_label=&#8221;Footer Row&#8221; _builder_version=&#8221;4.16&#8243; custom_padding=&#8221;|||&#8221; global_colors_info=&#8221;{}&#8221; theme_builder_area=&#8221;post_content&#8221;][et_pb_column type=&#8221;4_4&#8243; _builder_version=&#8221;4.16&#8243; custom_padding=&#8221;|||&#8221; global_colors_info=&#8221;{}&#8221; custom_padding__hover=&#8221;|||&#8221; theme_builder_area=&#8221;post_content&#8221;][et_pb_text admin_label=&#8221;Title&#8221; _builder_version=&#8221;4.24.2&#8243; text_font=&#8221;Montserrat||||||||&#8221; text_text_color=&#8221;#a4bccb&#8221; text_font_size=&#8221;20px&#8221; text_line_height=&#8221;1.5em&#8221; header_font=&#8221;||||||||&#8221; header_2_font=&#8221;Montserrat||||||||&#8221; header_2_text_align=&#8221;center&#8221; header_2_line_height=&#8221;1.5em&#8221; header_3_font=&#8221;Montserrat|500|||||||&#8221; header_3_text_align=&#8221;center&#8221; header_3_font_size=&#8221;55px&#8221; header_3_line_height=&#8221;1.5em&#8221; text_orientation=&#8221;center&#8221; background_layout=&#8221;dark&#8221; max_width=&#8221;700px&#8221; module_alignment=&#8221;center&#8221; custom_margin=&#8221;||0px|&#8221; header_3_font_size_tablet=&#8221;60px&#8221; header_3_font_size_phone=&#8221;52px&#8221; header_3_font_size_last_edited=&#8221;on|tablet&#8221; global_colors_info=&#8221;{}&#8221; theme_builder_area=&#8221;post_content&#8221;]<\/p>\n<h2>Ota rohkeasti yhteytt\u00e4.<\/h2>\n<p>Kasotaan kuinka voin olla avuksesi.<\/p>\n<p>[\/et_pb_text][\/et_pb_column][\/et_pb_row][et_pb_row admin_label=&#8221;CTA Row&#8221; _builder_version=&#8221;4.16&#8243; custom_padding=&#8221;|||&#8221; global_colors_info=&#8221;{}&#8221; theme_builder_area=&#8221;post_content&#8221;][et_pb_column type=&#8221;4_4&#8243; _builder_version=&#8221;4.16&#8243; custom_padding=&#8221;|||&#8221; global_colors_info=&#8221;{}&#8221; custom_padding__hover=&#8221;|||&#8221; theme_builder_area=&#8221;post_content&#8221;][et_pb_blurb title=&#8221;Soita&#8221; image=&#8221;https:\/\/rengasmedia.fi\/wp-content\/uploads\/2024\/03\/Call_icon.png&#8221; admin_label=&#8221;CTA&#8221; _builder_version=&#8221;4.24.2&#8243; header_font=&#8221;Montserrat||||||||&#8221; header_text_color=&#8221;#a4bccb&#8221; header_font_size=&#8221;20px&#8221; header_line_height=&#8221;1.5em&#8221; body_font=&#8221;Montserrat|500|||||||&#8221; body_text_align=&#8221;center&#8221; body_font_size=&#8221;30px&#8221; text_orientation=&#8221;center&#8221; background_layout=&#8221;dark&#8221; animation=&#8221;off&#8221; global_colors_info=&#8221;{}&#8221; theme_builder_area=&#8221;post_content&#8221;]<\/p>\n<p><a href=\"callto:\">+358 45 124 6009<\/a><\/p>\n<p>tai<\/p>\n<p>[\/et_pb_blurb][et_pb_button button_text=&#8221;Laita s\u00e4hk\u00f6postia&#8221; button_alignment=&#8221;center&#8221; admin_label=&#8221;CTA Button&#8221; _builder_version=&#8221;4.24.2&#8243; custom_button=&#8221;on&#8221; button_text_size=&#8221;14px&#8221; button_text_color=&#8221;#ffffff&#8221; button_bg_color=&#8221;#f6961b&#8221; button_border_width=&#8221;12px&#8221; button_border_color=&#8221;#f6961b&#8221; button_border_radius=&#8221;2px&#8221; button_letter_spacing=&#8221;0px&#8221; button_font=&#8221;Montserrat|700||on|||||&#8221; custom_margin=&#8221;30px|||&#8221; custom_padding=&#8221;|||&#8221; button_border_radius_hover=&#8221;4px&#8221; locked=&#8221;off&#8221; global_colors_info=&#8221;{}&#8221; button_text_size__hover_enabled=&#8221;off&#8221; button_one_text_size__hover_enabled=&#8221;off&#8221; button_two_text_size__hover_enabled=&#8221;off&#8221; button_text_color__hover_enabled=&#8221;off&#8221; button_one_text_color__hover_enabled=&#8221;off&#8221; button_two_text_color__hover_enabled=&#8221;off&#8221; button_border_width__hover_enabled=&#8221;off&#8221; button_one_border_width__hover_enabled=&#8221;off&#8221; button_two_border_width__hover_enabled=&#8221;off&#8221; button_border_color__hover_enabled=&#8221;off&#8221; button_one_border_color__hover_enabled=&#8221;off&#8221; button_two_border_color__hover_enabled=&#8221;off&#8221; button_border_radius__hover_enabled=&#8221;on&#8221; button_border_radius__hover=&#8221;4px&#8221; button_one_border_radius__hover_enabled=&#8221;off&#8221; button_two_border_radius__hover_enabled=&#8221;off&#8221; button_letter_spacing__hover_enabled=&#8221;off&#8221; button_one_letter_spacing__hover_enabled=&#8221;off&#8221; button_two_letter_spacing__hover_enabled=&#8221;off&#8221; button_bg_color__hover_enabled=&#8221;off&#8221; button_one_bg_color__hover_enabled=&#8221;off&#8221; button_two_bg_color__hover_enabled=&#8221;off&#8221; theme_builder_area=&#8221;post_content&#8221;][\/et_pb_button][\/et_pb_column][\/et_pb_row][\/et_pb_section]<\/p>\n","protected":false},"excerpt":{"rendered":"<p>Ajatko vaarallisilla kes\u00e4renkailla?Vain joka nelj\u00e4s huonokuntoisilla kes\u00e4renkailla ajavista autoilijoista tiet\u00e4\u00e4 kulutuspinnan olevan riitt\u00e4m\u00e4t\u00f6n.* Suomen lain mukaan kes\u00e4renkaan kulutuspintaa tulee olla v\u00e4hint\u00e4\u00e4n 1,6 millimetri\u00e4, mutta jo 4 millinen kulutuspinta on sadekelill\u00e4 riskialtis. Noin 3 millinen kulutuspinta on hyv\u00e4 vaihtaa uusiin ajoturvallisuuden takaamiseksi. Katso oheiselta videolta miten suoritat kulutuspinnan tarkistuksen helposti ja luotettavasti. Renkaan kulumista tulisi silm\u00e4m\u00e4\u00e4r\u00e4isesti [&hellip;]<\/p>\n","protected":false},"author":1,"featured_media":0,"parent":0,"menu_order":0,"comment_status":"closed","ping_status":"closed","template":"","meta":{"_et_pb_use_builder":"on","_et_pb_old_content":"","_et_gb_content_width":"","footnotes":""},"_links":{"self":[{"href":"https:\/\/rengasmedia.fi\/index.php?rest_route=\/wp\/v2\/pages\/145"}],"collection":[{"href":"https:\/\/rengasmedia.fi\/index.php?rest_route=\/wp\/v2\/pages"}],"about":[{"href":"https:\/\/rengasmedia.fi\/index.php?rest_route=\/wp\/v2\/types\/page"}],"author":[{"embeddable":true,"href":"https:\/\/rengasmedia.fi\/index.php?rest_route=\/wp\/v2\/users\/1"}],"replies":[{"embeddable":true,"href":"https:\/\/rengasmedia.fi\/index.php?rest_route=%2Fwp%2Fv2%2Fcomments&post=145"}],"version-history":[{"count":2,"href":"https:\/\/rengasmedia.fi\/index.php?rest_route=\/wp\/v2\/pages\/145\/revisions"}],"predecessor-version":[{"id":150,"href":"https:\/\/rengasmedia.fi\/index.php?rest_route=\/wp\/v2\/pages\/145\/revisions\/150"}],"wp:attachment":[{"href":"https:\/\/rengasmedia.fi\/index.php?rest_route=%2Fwp%2Fv2%2Fmedia&parent=145"}],"curies":[{"name":"wp","href":"https:\/\/api.w.org\/{rel}","templated":true}]}}